{"id":3,"date":"2026-02-05T17:38:58","date_gmt":"2026-02-05T17:38:58","guid":{"rendered":"https:\/\/azulanacronico.wiseweb.pt\/?page_id=3"},"modified":"2026-03-16T14:28:12","modified_gmt":"2026-03-16T14:28:12","slug":"politica-de-privacidade","status":"publish","type":"page","link":"https:\/\/azulanacronico.wiseweb.pt\/en\/politica-de-privacidade\/","title":{"rendered":"Privacy Policy"},"content":{"rendered":"<div data-elementor-type=\"wp-page\" data-elementor-id=\"3\" class=\"elementor elementor-3\" data-elementor-post-type=\"page\">\n\t\t\t\t<div class=\"elementor-element elementor-element-d42fcad e-flex e-con-boxed e-con e-parent\" data-id=\"d42fcad\" data-element_type=\"container\" data-e-type=\"container\">\n\t\t\t\t\t<div class=\"e-con-inner\">\n\t\t<div class=\"elementor-element elementor-element-7e137d3 e-con-full e-flex e-con e-child\" data-id=\"7e137d3\" data-element_type=\"container\" data-e-type=\"container\">\n\t\t\t\t<\/div>\n\t\t\t\t\t<\/div>\n\t\t\t\t<\/div>\n\t\t<div class=\"elementor-element elementor-element-5c07bdb3 e-flex e-con-boxed e-con e-parent\" data-id=\"5c07bdb3\" data-element_type=\"container\" data-e-type=\"container\">\n\t\t\t\t\t<div class=\"e-con-inner\">\n\t\t\t\t<div class=\"elementor-element elementor-element-5a55846d elementor-widget elementor-widget-text-editor\" data-id=\"5a55846d\" data-element_type=\"widget\" data-e-type=\"widget\" data-widget_type=\"text-editor.default\">\n\t\t\t\t\t\t\t\t\t<h5><b>Privacy Policy<\/b><\/h5><p align=\"justify\">The protection of your personal data is a priority for <b>Azul Anacr\u00f3nico, Lda<\/b>. Therefore, under Regulation No. 2016\/679 of the European Parliament and of the Council of 27 April 2016 (General Data Protection Regulation), we are pleased to communicate our Privacy Policy, which will inform you of the new rules applicable to the processing of your personal data, your rights, and how you can easily manage your consents directly.<\/p><p align=\"justify\">The rules set out in this Privacy Policy complement the provisions on the protection and processing of personal data contained in the \"General Conditions of the www.azulanacronico.pt store\", which govern the offer of our products and are duly published on the website and accepted by the Customer.<\/p><p align=\"justify\">This Privacy Policy applies exclusively to the collection and processing of personal data carried out by <b>Azul Anacr\u00f3nico, Lda <\/b><\/p><p align=\"justify\">\u00a0<\/p><p align=\"justify\">\u00a0<\/p><p align=\"justify\">\u00a0<\/p><h5><b>Who are we?<\/b><\/h5><p align=\"justify\">Your data will be processed by <b>Azul Anacr\u00f3nico, Lda<\/b>, sociedade por quotas com sede social em Praceta Carlos Pereira Callixto, 1, 3\u00ba esq, Alfragide, 2610-032 Amadora, Portugal, matriculada sob o n\u00famero de identifica\u00e7\u00e3o fiscal 517225484,\u00a0(doravante designada por <b>Azul Anacr\u00f3nico<\/b>).<\/p><p align=\"justify\">A <b>Azul Anacr\u00f3nico <\/b>is responsible for the processing of your personal data, within the meaning of the General Data Protection Regulation (hereinafter referred to as<b>\u00a0GDPR<\/b>).<\/p><p align=\"justify\">\u00a0<\/p><p align=\"justify\">\u00a0<\/p><p align=\"justify\">\u00a0<\/p><h5><b>What is personal data?<\/b><\/h5><p align=\"justify\">Personal data is any information, of any nature and regardless of the medium, including sound and image, relating to an identified or identifiable natural person.<\/p><p align=\"justify\">A person is considered identifiable if they can be identified directly or indirectly, in particular by reference to an identifier such as a name, an identification number, location data, online identifiers or to one or more factors specific to the physical, physiological, genetic, mental, economic, cultural or social identity of that natural person.<\/p><p align=\"justify\">\u00a0<\/p><p align=\"justify\">\u00a0<\/p><p align=\"justify\">\u00a0<\/p><h5><b>What type of personal data do we collect?<\/b><\/h5><p align=\"justify\">In the course of its activity, <b>Azul Anacr\u00f3nico <\/b>will collect and process the personal data necessary for the sale and delivery of goods purchased by the Customer, in particular the name, address, telephone number, email address, payment details, Internet Protocol (IP) address, and tax identification number.<\/p><p align=\"justify\">\u00a0<\/p><p align=\"justify\">\u00a0<\/p><p align=\"justify\">\u00a0<\/p><h5><b>Why do we process your information?<\/b><\/h5><p align=\"justify\">Your personal data may be collected and processed by <b>Azul Anacr\u00f3nico <\/b>for the following purposes:<\/p><p align=\"justify\">a)\u00a0\u00a0\u00a0\u00a0 cumprimento de obriga\u00e7\u00f5es legais a que a <b>Azul Anacr\u00f3nico <\/b>is subject, notably invoicing for goods purchased;<\/p><p align=\"justify\">b)\u00a0\u00a0\u00a0\u00a0 cumprimento de obriga\u00e7\u00f5es contratuais da <b>Azul Anacr\u00f3nico <\/b>'s contractual obligations, especially for the purposes of the logistics process of delivering the goods purchased;<\/p><p align=\"justify\">c)\u00a0\u00a0\u00a0\u00a0\u00a0 efeitos de gest\u00e3o de contactos e reclama\u00e7\u00f5es;<\/p><p align=\"justify\">d)\u00a0\u00a0\u00a0\u00a0 efeitos de contacto, no \u00e2mbito de estrat\u00e9gias de marketing da <b>Azul Anacr\u00f3nico<\/b>'s marketing strategies, with commercial information and communications, namely through the sending of newsletters.<\/p><p align=\"justify\">\u00a0<\/p><p align=\"justify\">Failure to provide personal data for the purposes set out in points a) and b) implies a breach, by <b>Azul Anacr\u00f3nico,<\/b> of contractual and legal obligations imposed on it, a situation that constitutes grounds for <b>Azul Anacr\u00f3nico,<\/b> not to conclude the purchase and sale contract, without any right to compensation or indemnification.<\/p><p align=\"justify\">\u00a0<\/p><p align=\"justify\"><span style=\"text-align: start;\">A <\/span><b style=\"text-align: start;\">Azul Anacr\u00f3nico <\/b><span style=\"text-align: start;\">will inform you of the mandatory nature of the data.<\/span><\/p><p align=\"justify\"><span style=\"text-align: start;\">\u00a0<\/span><\/p><p align=\"justify\"><span style=\"text-align: start;\">\u00a0<\/span><\/p><p align=\"justify\"><span style=\"text-align: start;\">\u00a0<\/span><\/p><h5><b>Why do we process your information?<\/b><\/h5><p align=\"justify\">The processing of your personal data will be carried out based on the execution of the purchase and sale contract of products concluded with <b>Azul Anacr\u00f3nico,<\/b> , and in strict compliance with legal obligations imposed on <b>Azul Anacr\u00f3nico,<\/b> , namely in matters of tax legislation (see points b) and c) of paragraph 1 of Article 6 of the GDPR).<\/p><p align=\"justify\">For the purpose set out in point c) above, <b>Azul Anacr\u00f3nico <\/b>will process personal data based on a legitimate interest pursued by itself, as well as by the Client (see point f) of paragraph 1 of Article 6 of the GDPR).<\/p><p align=\"justify\">Furthermore, the lawfulness of processing the personal data collected for the purpose set out in point d) above is based on the consent given by the Client to <b>Azul Anacr\u00f3nico <\/b>for the respective processing (see point a) of paragraph 1 of Article 6 of the GDPR).<\/p><p align=\"justify\">\u00a0<\/p><p align=\"justify\">\u00a0<\/p><p align=\"justify\">\u00a0<\/p><h5><b>How long do we keep your information?<\/b><\/h5><p align=\"justify\">Without prejudice to any legal, regulatory or judicial determination to the contrary, the personal data collected will only be kept for the minimum period necessary for the purposes that motivated its collection or subsequent processing.<\/p><p align=\"justify\">The most relevant retention periods that we have defined for the purposes of using your personal data are as follows:<\/p><p align=\"justify\">i. Transaction management \u2013 legal period of 10 years;<\/p><p align=\"justify\">ii. Customer management in loyalty program \u2013 3 years<\/p><p align=\"justify\">iii. Marketing \u2013 2 years (plus the current year) since the last interaction;<\/p><p align=\"justify\">iv. Website or platform user management \u2013 1 year (plus the current year) after the last access;<\/p><p align=\"justify\">v. Home deliveries \u2013 2 years;<\/p><p align=\"justify\">vi. Guarantees and after-sales support \u2013 2 years or equal to the warranty period if longer;<\/p><p align=\"justify\">vii. Registration and proof of transactions for remote contracts \u2013 6 months after the contract's validity period;<\/p><p align=\"justify\">viii. Service management \u2013 2 years since the last service.<\/p><p align=\"justify\">\u00a0<\/p><p align=\"justify\">\u00a0<\/p><p align=\"justify\">\u00a0<\/p><h5><b>To whom may we transmit your personal data?<\/b><\/h5><p align=\"justify\">Occasionally, <b>Azul Anacr\u00f3nico <\/b>may have to share some of your personal data with other recipients, including:<\/p><p align=\"justify\">a)\u00a0\u00a0\u00a0\u00a0 Organiza\u00e7\u00f5es e\/ou empresas afiliadas \u00e0 <b>Azul Anacr\u00f3nico,<\/b> , provided they respect an equivalent policy regarding the protection of personal data;<\/p><p align=\"justify\">b)\u00a0\u00a0\u00a0\u00a0 Entidades P\u00fablicas \u00e0s quais a <b>Azul Anacr\u00f3nico <\/b>is legally obliged to provide information, namely the DGCI \u2013 General Directorate of Taxes;<\/p><p align=\"justify\">c)\u00a0\u00a0\u00a0\u00a0\u00a0 Subcontratantes que prestam determinados servi\u00e7os relacionados com os seus dados pessoais sob a cobertura de um subcontrato e com o \u00fanico objetivo de prestarem assist\u00eancia t\u00e9cnica \u00e0 <b>Azul Anacr\u00f3nico,<\/b> , including but not limited to website hosting providers, email and marketing service providers;<\/p><p align=\"justify\">d)\u00a0\u00a0\u00a0\u00a0 As autoridades competentes \u00e0s quais a <b>Azul Anacr\u00f3nico,<\/b> is legally obliged to disclose information in the course of legal proceedings, or to detect technical and\/or security problems, such as competent judicial entities or supervisory authorities.<\/p><p align=\"justify\">\u00a0<\/p><p align=\"justify\">\u00a0<\/p><p align=\"justify\">\u00a0<\/p><h5><b>Is your data transferred to countries outside the European Union?<\/b><\/h5><p align=\"justify\">Your personal data, collected by <b>Azul Anacr\u00f3nico,<\/b> , will not, as a rule, be transferred to any entity established outside the territory of the European Union.<\/p><p align=\"justify\">Exceptionally and under certain conditions, <b>Azul Anacr\u00f3nico <\/b>may transfer your personal data to countries outside the territory of the European Union, in accordance with applicable legislation, for the purposes of data hosting or storage, technical subcontracting of processing, backup and recovery of hosted data, and service development.<\/p><p align=\"justify\">A <b>Azul Anacr\u00f3nico <\/b>ensures that it will not transfer your personal data to countries that do not guarantee an adequate level of protection, in accordance with the provisions of the GDPR.<\/p><p align=\"justify\">\u00a0<\/p><p align=\"justify\">\u00a0<\/p><p align=\"justify\">\u00a0<\/p><h5><b>What are your rights?<\/b><\/h5><p align=\"justify\">Under the provisions of the GDPR, you may request, at any time:<\/p><p align=\"justify\">\u00a0<\/p><p align=\"justify\"><b>a) access to your personal data:<\/b>\u00a0you have the right to obtain confirmation as to whether or not personal data concerning you is being processed and, if so, the right to access your personal data and the information provided for in the GDPR.<\/p><p align=\"justify\">\u00a0<\/p><p align=\"justify\"><b>b) rectification of your personal data:<\/b>\u00a0you have the right to obtain from <b>Azul Anacr\u00f3nico,<\/b> , without undue delay, the rectification of inaccurate personal data concerning you.<\/p><p align=\"justify\"><b>\u00a0<\/b><\/p><p align=\"justify\"><b>c)\u00a0o apagamento dos seus dados pessoais:<\/b>\u00a0you have the right to obtain from <b>Azul Anacr\u00f3nico<\/b>without undue delay, the erasure of your personal data, and <b>Azul Anacr\u00f3nico <\/b>must erase your personal data without undue delay when, in particular, one of the following grounds applies:\u00a0<b>1)<\/b>\u00a0the personal data are no longer necessary for the purposes for which they were collected or processed;\u00a0<b>2)<\/b>\u00a0the data subject withdraws consent on which the processing is based (where based on consent) and there is no other legal ground for the processing;\u00a0<b>3)<\/b>\u00a0the data subject objects to the processing and there are no overriding legitimate grounds for the processing;<\/p><p align=\"justify\"><b>\u00a0<\/b><\/p><p align=\"justify\"><b>d)\u00a0a limita\u00e7\u00e3o do tratamento realizado:<\/b>\u00a0you have the right to obtain from <b>Azul Anacr\u00f3nico <\/b>the restriction of processing if one of the following applies:\u00a0<b>1)<\/b>\u00a0you contest the accuracy of the personal data, for a period enabling <b>Azul Anacr\u00f3nico <\/b>to verify the accuracy of the personal data;\u00a0<b>2)<\/b>\u00a0the processing is unlawful and the data subject opposes the erasure of the personal data and requests, instead, the restriction of its use;\u00a0<b>3)<\/b>\u00a0a <b>Azul Anacr\u00f3nico <\/b>no longer needs the personal data for processing purposes, but this data is required by the data subject for the establishment, exercise or defense of legal claims;\u00a0<b>4)<\/b>\u00a0if the data subject has objected to the processing, until it is verified that the legitimate grounds of <b>Azul Anacr\u00f3nico <\/b>override those of the data subject.<\/p><p align=\"justify\"><b>\u00a0<\/b><\/p><p align=\"justify\"><b>e)\u00a0o direito de se opor ao tratamento:<\/b>\u00a0when processing is carried out for the purposes of the legitimate interests pursued by <b>Azul Anacr\u00f3nico,<\/b> , the data subject has the right to object at any time, on grounds relating to his or her particular situation, to the processing of personal data concerning him or her. <b>Azul Anacr\u00f3nico <\/b>will cease processing personal data unless it demonstrates compelling legitimate grounds for such processing which override the interests, rights and freedoms of the data subject, or for the purposes of declaration, exercise or defense of legal claims.<\/p><p align=\"justify\"><b>\u00a0<\/b><\/p><p align=\"justify\"><b>f)\u00a0o direito \u00e0 portabilidade dos dados:<\/b>\u00a0: under the terms and conditions defined by law, you have the right to receive the personal data concerning you that you have provided to <b>Azul Anacr\u00f3nico<\/b>, in a structured, commonly used and machine-readable format, and the right to transmit this data to another controller without hindrance from the controller to whom the personal data were provided, if:\u00a0<b>1)<\/b>\u00a0The processing is based on consent or contract; and\u00a0<b>2)<\/b>\u00a0The processing is carried out by automated means.<\/p><p align=\"justify\">\u00a0<\/p><p align=\"justify\">If the requests submitted are manifestly unfounded or excessive, in particular due to their repetitive nature, <b>Azul Anacr\u00f3nico <\/b>may (i) require payment of a reasonable fee taking into account the administrative costs of providing the information or communications, or of taking the requested measures, or (ii) refuse to act on your request.<\/p><p align=\"justify\">Regarding personal data whose processing by <b>Azul Anacr\u00f3nico <\/b>is legitimized by the consent it has given, you have the right to withdraw your consent. The exercise of this right will not compromise the lawfulness of the processing carried out based on the previously given consent, nor the subsequent processing of the same data based on another legal basis, such as compliance with a contractual or legal obligation to which <b>Azul Anacr\u00f3nico <\/b>is subject.<\/p><p align=\"justify\">You also have the right to lodge a complaint with the National Data Protection Commission.<\/p><p align=\"justify\"><b>\u00a0<\/b><\/p><p align=\"justify\"><b>\u00a0<\/b><\/p><p align=\"justify\"><b>\u00a0<\/b><\/p><h5><b>How can you object to receiving marketing communications?<\/b><\/h5><p align=\"justify\">\u00a0<\/p><p align=\"justify\">Within the scope of the consent you have given, <b>Azul Anacr\u00f3nico <\/b>may, in particular, promote new products or services by telephone, email, mail, SMS, MMS, or any other electronic communications service.<\/p><p align=\"justify\">If you do not wish your personal data to be processed, you may object, at any time, to its use for marketing purposes, sending informational communications, or inclusion in lists or informational services.<\/p><p align=\"justify\">To do so, you must contact <b>Azul Anacr\u00f3nico <\/b>at the following email address <b>fins.bruno@gmail.com<\/b>, clearly and unequivocally stating this intention. You may also withdraw this consent in the reserved area on the website.<\/p><p align=\"justify\">\u00a0<\/p><p align=\"justify\">\u00a0<\/p><p align=\"justify\">\u00a0<\/p><h5><b>Security and Confidentiality<\/b><\/h5><p align=\"justify\">We are committed to keeping your personal data secure, therefore we apply appropriate technical and organizational measures to ensure a level of security appropriate to the risk of keeping your personal data on file.<\/p><p align=\"justify\">However, the transmission of information over the Internet is not completely secure, and we cannot guarantee the absolute security of information transmitted through our website, particularly through the use of public networks for data transmission.<\/p><p align=\"justify\">We also respect the confidentiality of your information. As such, we do not sell, distribute or otherwise commercially make your information available to any third party.<\/p><p align=\"justify\">In view of the above, <b>Azul Anacr\u00f3nico <\/b>undertakes to keep your information confidential, in accordance with this Privacy Policy and applicable legislation.<\/p><p align=\"justify\">\u00a0<\/p><p align=\"justify\">\u00a0<\/p><p align=\"justify\">\u00a0<\/p><h5><b>Questions and Exercise of Rights<\/b><\/h5><p align=\"justify\">If you have any questions regarding the processing of your personal data, or wish to exercise any of your rights, please contact us at:<\/p><p align=\"justify\">fins.bruno@gmail.com Address: Praceta Carlos Pereira Callixto, 1, 3\u00ba esq, Alfragide, 2610-032 Amadora, Portugal.<\/p><p align=\"justify\">Please note that <b>Azul Anacr\u00f3nico <\/b>will occasionally update this Privacy Policy, so we advise you to review it periodically to stay informed.<\/p><p align=\"justify\">\u00a0<\/p><p align=\"justify\">\u00a0<\/p><p align=\"justify\">\u00a0<\/p><p align=\"justify\">Last updated on February 9, 2026<\/p><p align=\"justify\">\u00a0<\/p>\t\t\t\t\t\t\t\t<\/div>\n\t\t\t\t\t<\/div>\n\t\t\t\t<\/div>\n\t\t\t\t<\/div>","protected":false},"excerpt":{"rendered":"<p>Pol\u00edtica de Privacidade A prote\u00e7\u00e3o dos seus dados pessoais \u00e9 uma prioridade para a Azul Anacr\u00f3nico, Lda, pelo que, ao abrigo do Regulamento n.\u00ba 2016\/679 do Parlamento Europeu e do Conselho, de 27 de abril de 2016 (Regulamento Geral sobre a Prote\u00e7\u00e3o de Dados Pessoais), temos o prazer de comunicar a nossa Pol\u00edtica de Privacidade, [&hellip;]<\/p>\n","protected":false},"author":1,"featured_media":0,"parent":0,"menu_order":0,"comment_status":"closed","ping_status":"closed","template":"","meta":{"_acf_changed":false,"footnotes":""},"class_list":["post-3","page","type-page","status-publish","hentry"],"acf":[],"_links":{"self":[{"href":"https:\/\/azulanacronico.wiseweb.pt\/en\/wp-json\/wp\/v2\/pages\/3","targetHints":{"allow":["GET"]}}],"collection":[{"href":"https:\/\/azulanacronico.wiseweb.pt\/en\/wp-json\/wp\/v2\/pages"}],"about":[{"href":"https:\/\/azulanacronico.wiseweb.pt\/en\/wp-json\/wp\/v2\/types\/page"}],"author":[{"embeddable":true,"href":"https:\/\/azulanacronico.wiseweb.pt\/en\/wp-json\/wp\/v2\/users\/1"}],"replies":[{"embeddable":true,"href":"https:\/\/azulanacronico.wiseweb.pt\/en\/wp-json\/wp\/v2\/comments?post=3"}],"version-history":[{"count":37,"href":"https:\/\/azulanacronico.wiseweb.pt\/en\/wp-json\/wp\/v2\/pages\/3\/revisions"}],"predecessor-version":[{"id":3221,"href":"https:\/\/azulanacronico.wiseweb.pt\/en\/wp-json\/wp\/v2\/pages\/3\/revisions\/3221"}],"wp:attachment":[{"href":"https:\/\/azulanacronico.wiseweb.pt\/en\/wp-json\/wp\/v2\/media?parent=3"}],"curies":[{"name":"wp","href":"https:\/\/api.w.org\/{rel}","templated":true}]}}