{"id":17,"date":"2026-02-12T11:55:16","date_gmt":"2026-02-12T11:55:16","guid":{"rendered":"https:\/\/azulanacronico.wiseweb.pt\/?page_id=17"},"modified":"2026-03-16T14:28:40","modified_gmt":"2026-03-16T14:28:40","slug":"politica-de-cookies","status":"publish","type":"page","link":"https:\/\/azulanacronico.wiseweb.pt\/en\/politica-de-cookies\/","title":{"rendered":"Cookie policy"},"content":{"rendered":"<div data-elementor-type=\"wp-post\" data-elementor-id=\"17\" class=\"elementor elementor-17\" data-elementor-post-type=\"page\">\n\t\t\t\t<div class=\"elementor-element elementor-element-34b92d6 e-flex e-con-boxed e-con e-parent\" data-id=\"34b92d6\" data-element_type=\"container\" data-e-type=\"container\">\n\t\t\t\t\t<div class=\"e-con-inner\">\n\t\t<div class=\"elementor-element elementor-element-108ae4c e-con-full e-flex e-con e-child\" data-id=\"108ae4c\" data-element_type=\"container\" data-e-type=\"container\">\n\t\t\t\t<\/div>\n\t\t\t\t\t<\/div>\n\t\t\t\t<\/div>\n\t\t<div class=\"elementor-element elementor-element-c1c6e98 e-flex e-con-boxed e-con e-parent\" data-id=\"c1c6e98\" data-element_type=\"container\" data-e-type=\"container\">\n\t\t\t\t\t<div class=\"e-con-inner\">\n\t\t\t\t<div class=\"elementor-element elementor-element-a4c02da elementor-widget elementor-widget-text-editor\" data-id=\"a4c02da\" data-element_type=\"widget\" data-e-type=\"widget\" data-widget_type=\"text-editor.default\">\n\t\t\t\t\t\t\t\t\t<h5 style=\"line-height: 108%; margin-bottom: 0.28cm;\"><span lang=\"pt-PT\"><b>What are Cookies?<\/b><\/span><\/h5><p style=\"line-height: 108%; margin-bottom: 0.28cm;\"><span lang=\"pt-PT\">Cookies are small text files sent to your computer or mobile device when you visit websites. Cookies help websites store and retrieve information about your browsing habits in order to personalize your browsing experience according to your preferences.<\/span><\/p><h5 style=\"line-height: 108%; margin-bottom: 0.28cm;\">\u00a0<\/h5><div>\u00a0<\/div><h5 style=\"line-height: 108%; margin-bottom: 0.28cm;\"><span lang=\"pt-PT\"><b>What types of Cookies does our website use?<\/b><\/span><\/h5><ul><li><p style=\"line-height: 108%; margin-bottom: 0.28cm;\"><span lang=\"pt-PT\"><strong>Session Cookies:<\/strong> These are temporary cookies that remain in the browser's cookie file until you leave the website, so no record is left on the user's hard drive. The information collected by these cookies is used to analyze website traffic patterns. Ultimately, this allows us to improve the content and usability of the website.<\/span><\/p><\/li><\/ul><ul><li><p style=\"line-height: 108%; margin-bottom: 0.28cm;\"><span lang=\"pt-PT\"><strong>Analytics Cookies:<\/strong> These are cookies that, when properly handled by us or third parties, allow us to quantify the number of users and perform statistical measurement and analysis of how users use the service offered. We examine your browsing on our website in order to improve the provision of products or services that we offer you.<\/span><\/p><\/li><\/ul><ul><li><p style=\"line-height: 108%; margin-bottom: 0.28cm;\"><span lang=\"pt-PT\"><strong>Advertising Cookies:<\/strong> These are cookies that, when properly managed by us or third parties, allow us to more effectively manage the advertising spaces on the website, enabling us to analyze your browsing habits and show you advertising related to your browsing profile.<\/span><\/p><\/li><\/ul><p style=\"line-height: 108%; margin-bottom: 0.28cm;\"><span lang=\"pt-PT\"><b>\u00a0<\/b><\/span><\/p><p style=\"line-height: 108%; margin-bottom: 0.28cm;\"><span lang=\"pt-PT\"><b>\u00a0<\/b><\/span><\/p><p style=\"line-height: 108%; margin-bottom: 0.28cm;\"><span lang=\"pt-PT\"><b>What cookies do we use on our website?<br \/><br \/><\/b><\/span><\/p><ul><li style=\"line-height: 108%;\"><span lang=\"pt-PT\"><strong>First-Party Cookies:<\/strong> Used for in-store reservations to maintain the store selected by the user<br \/><br \/><br \/><br \/><\/span><\/li><\/ul><ul><li style=\"line-height: 108%;\"><strong>Session Cookies:<br \/><br \/><\/strong><\/li><\/ul><ul><li style=\"list-style-type: none;\"><ul><li><p style=\"line-height: 108%; margin-bottom: 0.28cm;\"><span lang=\"pt-PT\">Association with shopping cart<\/span><\/p><\/li><li><p style=\"line-height: 108%; margin-bottom: 0.28cm;\"><span lang=\"pt-PT\">Store category information to display pages faster<\/span><\/p><\/li><li><p style=\"line-height: 108%; margin-bottom: 0.28cm;\"><span lang=\"pt-PT\">They indicate if you are currently logged into the site<\/span><\/p><\/li><li><p style=\"line-height: 108%; margin-bottom: 0.28cm;\"><span lang=\"pt-PT\">They indicate session IDs on the server<\/span><\/p><\/li><li><p style=\"line-height: 108%; margin-bottom: 0.28cm;\"><span lang=\"pt-PT\">Save the last viewed products<\/span><\/p><\/li><li><p style=\"line-height: 108%; margin-bottom: 0.28cm;\"><span lang=\"pt-PT\">They store search information<\/span><\/p><\/li><li><p style=\"line-height: 108%; margin-bottom: 0.28cm;\"><span lang=\"pt-PT\">They indicate if the user authorizes the use of cookies<br \/><br \/><br \/><br \/><\/span><\/p><\/li><\/ul><\/li><\/ul><ul><li style=\"line-height: 108%;\"><strong>Third-Party Cookies:<br \/><br \/><\/strong><\/li><\/ul><ul><li style=\"list-style-type: none;\"><ul><li><p style=\"line-height: 108%; margin-bottom: 0.28cm;\"><span lang=\"pt-PT\">Used to distinguish users and sessions<\/span><\/p><\/li><li><p style=\"line-height: 108%; margin-bottom: 0.28cm;\"><span lang=\"pt-PT\">Used to determine new visits, sessions<\/span><\/p><\/li><li><p style=\"line-height: 108%; margin-bottom: 0.28cm;\"><span lang=\"pt-PT\">They store the traffic source to explain how the user arrives at our site<\/span><\/p><\/li><li><p style=\"line-height: 108%; margin-bottom: 0.28cm;\"><span lang=\"pt-PT\">Used to identify users, prevent fraudulent use and protect user data from third parties<\/span><\/p><\/li><li><p style=\"line-height: 108%; margin-bottom: 0.28cm;\"><span lang=\"pt-PT\">Used to personalize advertising on Publisher networks<\/span><\/p><\/li><li><p style=\"line-height: 108%; margin-bottom: 0.28cm;\"><span lang=\"pt-PT\">Used to allow the site to remember browsing preferences, language, region<br \/><br \/><br \/><br \/><\/span><\/p><\/li><\/ul><\/li><\/ul><ul><li style=\"line-height: 108%;\"><strong>Other Cookies:<br \/><br \/><\/strong><\/li><\/ul><ul><li style=\"list-style-type: none;\"><ul><li><p style=\"line-height: 108%; margin-bottom: 0.28cm;\"><span lang=\"pt-PT\">Web analytics and videos<\/span><\/p><\/li><li><p style=\"line-height: 108%; margin-bottom: 0.28cm;\"><span lang=\"pt-PT\">Used to determine which server displays the information to the user<\/span><\/p><\/li><li><p style=\"line-height: 108%; margin-bottom: 0.28cm;\"><span lang=\"pt-PT\">Used to track Active Sessions<\/span><\/p><\/li><li><p style=\"line-height: 108%; margin-bottom: 0.28cm;\"><span lang=\"pt-PT\">Used to determine if cookies are active<\/span><\/p><\/li><li><p style=\"line-height: 108%; margin-bottom: 0.28cm;\"><span lang=\"pt-PT\">Used to measure user response time<\/span><\/p><\/li><li><p style=\"line-height: 108%; margin-bottom: 0.28cm;\"><span lang=\"pt-PT\">Used to identify how many times a user has visited us, which products they bought, and at what price<\/span><\/p><\/li><li><p style=\"line-height: 108%; margin-bottom: 0.28cm;\"><span lang=\"pt-PT\">Allows us to know if it is the first visit to the site or not<br \/><br \/><br \/><\/span><\/p><\/li><\/ul><\/li><\/ul><p style=\"line-height: 108%; margin-bottom: 0.28cm;\"><span lang=\"pt-PT\"><b>\u00a0<\/b><\/span><\/p><p style=\"line-height: 108%; margin-bottom: 0.28cm;\"><span lang=\"pt-PT\"><b>\u00a0<\/b><\/span><\/p><p style=\"line-height: 108%; margin-bottom: 0.28cm;\"><span lang=\"pt-PT\"><b>What are the implications of not authorizing the use of cookies?<\/b><\/span><\/p><p style=\"line-height: 108%; margin-bottom: 0.28cm;\"><span lang=\"pt-PT\">If you prefer not to allow cookies, you have the option to disable cookies in your internet browser, but you should keep in mind that this may prevent some web pages from displaying correctly.<\/span><\/p>\t\t\t\t\t\t\t\t<\/div>\n\t\t\t\t\t<\/div>\n\t\t\t\t<\/div>\n\t\t<div class=\"elementor-element elementor-element-e20b382 e-flex e-con-boxed e-con e-parent\" data-id=\"e20b382\" data-element_type=\"container\" data-e-type=\"container\">\n\t\t\t\t\t<div class=\"e-con-inner\">\n\t\t\t\t<div class=\"elementor-element elementor-element-fa93e6d elementor-widget elementor-widget-spacer\" data-id=\"fa93e6d\" data-element_type=\"widget\" data-e-type=\"widget\" data-widget_type=\"spacer.default\">\n\t\t\t\t\t\t\t<div class=\"elementor-spacer\">\n\t\t\t<div class=\"elementor-spacer-inner\"><\/div>\n\t\t<\/div>\n\t\t\t\t\t\t<\/div>\n\t\t\t\t\t<\/div>\n\t\t\t\t<\/div>\n\t\t\t\t<\/div>","protected":false},"excerpt":{"rendered":"<p>O que s\u00e3o Cookies? Os cookies s\u00e3o pequenos ficheiros de texto enviados para o seu computador ou dispositivo m\u00f3vel quando visita websites. Os cookies ajudam os websites a armazenar e recuperar informa\u00e7\u00e3o sobre os seus h\u00e1bitos de navega\u00e7\u00e3o por forma a personalizar a navega\u00e7\u00e3o de acordo com as suas prefer\u00eancias. \u00a0 \u00a0 Que tipos de [&hellip;]<\/p>\n","protected":false},"author":1,"featured_media":0,"parent":0,"menu_order":0,"comment_status":"closed","ping_status":"closed","template":"","meta":{"_acf_changed":false,"footnotes":""},"class_list":["post-17","page","type-page","status-publish","hentry"],"acf":[],"_links":{"self":[{"href":"https:\/\/azulanacronico.wiseweb.pt\/en\/wp-json\/wp\/v2\/pages\/17","targetHints":{"allow":["GET"]}}],"collection":[{"href":"https:\/\/azulanacronico.wiseweb.pt\/en\/wp-json\/wp\/v2\/pages"}],"about":[{"href":"https:\/\/azulanacronico.wiseweb.pt\/en\/wp-json\/wp\/v2\/types\/page"}],"author":[{"embeddable":true,"href":"https:\/\/azulanacronico.wiseweb.pt\/en\/wp-json\/wp\/v2\/users\/1"}],"replies":[{"embeddable":true,"href":"https:\/\/azulanacronico.wiseweb.pt\/en\/wp-json\/wp\/v2\/comments?post=17"}],"version-history":[{"count":43,"href":"https:\/\/azulanacronico.wiseweb.pt\/en\/wp-json\/wp\/v2\/pages\/17\/revisions"}],"predecessor-version":[{"id":3224,"href":"https:\/\/azulanacronico.wiseweb.pt\/en\/wp-json\/wp\/v2\/pages\/17\/revisions\/3224"}],"wp:attachment":[{"href":"https:\/\/azulanacronico.wiseweb.pt\/en\/wp-json\/wp\/v2\/media?parent=17"}],"curies":[{"name":"wp","href":"https:\/\/api.w.org\/{rel}","templated":true}]}}